{"id":15,"date":"2025-09-12T23:24:26","date_gmt":"2025-09-12T21:24:26","guid":{"rendered":"http:\/\/pixel-studio.com.pl\/?page_id=15"},"modified":"2025-09-13T00:53:42","modified_gmt":"2025-09-12T22:53:42","slug":"o-nas","status":"publish","type":"page","link":"https:\/\/pixel-studio.com.pl\/?page_id=15","title":{"rendered":"O nas"},"content":{"rendered":"\n<p><strong>Pixel Studio \u2013 Twoja przestrze\u0144 do tworzenia<\/strong><\/p>\n\n\n\n<p>Stworzyli\u015bmy miejsce, w kt\u00f3rym naturalne \u015bwiat\u0142o, minimalistyczne wn\u0119trza i profesjonalne wyposa\u017cenie spotykaj\u0105 si\u0119 z klimatem sprzyjaj\u0105cym kreatywno\u015bci.<\/p>\n\n\n\n<p>Nasze studio to idealna przestrze\u0144 na sesje zdj\u0119ciowe, nagrania, warsztaty i spotkania tw\u00f3rcze.<br>Mo\u017cesz wynaj\u0105\u0107 je na w\u0142asnych zasadach lub skorzysta\u0107 ze wsparcia fotografa.<\/p>\n\n\n\n<p>Pixel Studio to elegancja, wygoda i pe\u0142na swoboda tworzenia \u2013 w sercu \u0141odzi.<\/p>\n\n\n\n<p>\u0141\u00f3d\u017a, ul. Milionowa 21, lok. 2.22, pi\u0119tro 2<\/p>\n\n\n\n<div class=\"wp-block-columns is-layout-flex wp-container-core-columns-is-layout-9d6595d7 wp-block-columns-is-layout-flex\">\n<div class=\"wp-block-column is-layout-flow wp-block-column-is-layout-flow\">\n<figure class=\"wp-block-image size-large is-resized\"><img loading=\"lazy\" decoding=\"async\" width=\"683\" height=\"1024\" src=\"http:\/\/pixel-studio.com.pl\/wp-content\/uploads\/2025\/09\/728f934b-968f-4f24-a403-4cee122bf03e-683x1024.jpeg\" alt=\"\" class=\"wp-image-150\" style=\"width:569px;height:auto\" srcset=\"https:\/\/pixel-studio.com.pl\/wp-content\/uploads\/2025\/09\/728f934b-968f-4f24-a403-4cee122bf03e-683x1024.jpeg 683w, https:\/\/pixel-studio.com.pl\/wp-content\/uploads\/2025\/09\/728f934b-968f-4f24-a403-4cee122bf03e-200x300.jpeg 200w, https:\/\/pixel-studio.com.pl\/wp-content\/uploads\/2025\/09\/728f934b-968f-4f24-a403-4cee122bf03e-768x1152.jpeg 768w, https:\/\/pixel-studio.com.pl\/wp-content\/uploads\/2025\/09\/728f934b-968f-4f24-a403-4cee122bf03e.jpeg 1024w\" sizes=\"auto, (max-width: 683px) 100vw, 683px\" \/><\/figure>\n<\/div>\n\n\n\n<div class=\"wp-block-column is-layout-flow wp-block-column-is-layout-flow\">\n<figure class=\"wp-block-image size-large\"><img loading=\"lazy\" decoding=\"async\" width=\"724\" height=\"1024\" src=\"http:\/\/pixel-studio.com.pl\/wp-content\/uploads\/2025\/09\/adab5251-2064-4bb0-89f3-5588add4441f-724x1024.jpeg\" alt=\"\" class=\"wp-image-151\" srcset=\"https:\/\/pixel-studio.com.pl\/wp-content\/uploads\/2025\/09\/adab5251-2064-4bb0-89f3-5588add4441f-724x1024.jpeg 724w, https:\/\/pixel-studio.com.pl\/wp-content\/uploads\/2025\/09\/adab5251-2064-4bb0-89f3-5588add4441f-212x300.jpeg 212w, https:\/\/pixel-studio.com.pl\/wp-content\/uploads\/2025\/09\/adab5251-2064-4bb0-89f3-5588add4441f-768x1086.jpeg 768w, https:\/\/pixel-studio.com.pl\/wp-content\/uploads\/2025\/09\/adab5251-2064-4bb0-89f3-5588add4441f-1086x1536.jpeg 1086w, https:\/\/pixel-studio.com.pl\/wp-content\/uploads\/2025\/09\/adab5251-2064-4bb0-89f3-5588add4441f.jpeg 1414w\" sizes=\"auto, (max-width: 724px) 100vw, 724px\" \/><\/figure>\n<\/div>\n<\/div>\n","protected":false},"excerpt":{"rendered":"<p>Pixel Studio \u2013 Twoja przestrze\u0144 do tworzenia Stworzyli\u015bmy miejsce, w kt\u00f3rym naturalne \u015bwiat\u0142o, minimalistyczne wn\u0119trza i profesjonalne wyposa\u017cenie spotykaj\u0105 si\u0119 z klimatem sprzyjaj\u0105cym kreatywno\u015bci. Nasze &hellip;<\/p>\n","protected":false},"author":1,"featured_media":0,"parent":0,"menu_order":0,"comment_status":"closed","ping_status":"closed","template":"","meta":{"footnotes":""},"class_list":["post-15","page","type-page","status-publish","hentry"],"yoast_head":"<!-- This site is optimized with the Yoast SEO plugin v25.9 - https:\/\/yoast.com\/wordpress\/plugins\/seo\/ -->\n<title>O nas - Pixel Studio<\/title>\n<meta name=\"robots\" content=\"index, follow, max-snippet:-1, max-image-preview:large, max-video-preview:-1\" \/>\n<link rel=\"canonical\" href=\"https:\/\/pixel-studio.com.pl\/?page_id=15\" \/>\n<meta property=\"og:locale\" content=\"en_US\" \/>\n<meta property=\"og:type\" content=\"article\" \/>\n<meta property=\"og:title\" content=\"O nas - Pixel Studio\" \/>\n<meta property=\"og:description\" content=\"Pixel Studio \u2013 Twoja przestrze\u0144 do tworzenia Stworzyli\u015bmy miejsce, w kt\u00f3rym naturalne \u015bwiat\u0142o, minimalistyczne wn\u0119trza i profesjonalne wyposa\u017cenie spotykaj\u0105 si\u0119 z klimatem sprzyjaj\u0105cym kreatywno\u015bci. Nasze &hellip;\" \/>\n<meta property=\"og:url\" content=\"https:\/\/pixel-studio.com.pl\/?page_id=15\" \/>\n<meta property=\"og:site_name\" content=\"Pixel Studio\" \/>\n<meta property=\"article:publisher\" content=\"https:\/\/www.facebook.com\/profile.php?id=61578134535764&amp;locale=pl_PL\" \/>\n<meta property=\"article:modified_time\" content=\"2025-09-12T22:53:42+00:00\" \/>\n<meta property=\"og:image\" content=\"http:\/\/pixel-studio.com.pl\/wp-content\/uploads\/2025\/09\/728f934b-968f-4f24-a403-4cee122bf03e-683x1024.jpeg\" \/>\n<meta name=\"twitter:card\" content=\"summary_large_image\" \/>\n<meta name=\"twitter:label1\" content=\"Est. reading time\" \/>\n\t<meta name=\"twitter:data1\" content=\"1 minute\" \/>\n<script type=\"application\/ld+json\" class=\"yoast-schema-graph\">{\"@context\":\"https:\/\/schema.org\",\"@graph\":[{\"@type\":\"WebPage\",\"@id\":\"https:\/\/pixel-studio.com.pl\/?page_id=15\",\"url\":\"https:\/\/pixel-studio.com.pl\/?page_id=15\",\"name\":\"O nas - Pixel Studio\",\"isPartOf\":{\"@id\":\"https:\/\/pixel-studio.com.pl\/#website\"},\"primaryImageOfPage\":{\"@id\":\"https:\/\/pixel-studio.com.pl\/?page_id=15#primaryimage\"},\"image\":{\"@id\":\"https:\/\/pixel-studio.com.pl\/?page_id=15#primaryimage\"},\"thumbnailUrl\":\"http:\/\/pixel-studio.com.pl\/wp-content\/uploads\/2025\/09\/728f934b-968f-4f24-a403-4cee122bf03e-683x1024.jpeg\",\"datePublished\":\"2025-09-12T21:24:26+00:00\",\"dateModified\":\"2025-09-12T22:53:42+00:00\",\"breadcrumb\":{\"@id\":\"https:\/\/pixel-studio.com.pl\/?page_id=15#breadcrumb\"},\"inLanguage\":\"en-US\",\"potentialAction\":[{\"@type\":\"ReadAction\",\"target\":[\"https:\/\/pixel-studio.com.pl\/?page_id=15\"]}]},{\"@type\":\"ImageObject\",\"inLanguage\":\"en-US\",\"@id\":\"https:\/\/pixel-studio.com.pl\/?page_id=15#primaryimage\",\"url\":\"https:\/\/pixel-studio.com.pl\/wp-content\/uploads\/2025\/09\/728f934b-968f-4f24-a403-4cee122bf03e.jpeg\",\"contentUrl\":\"https:\/\/pixel-studio.com.pl\/wp-content\/uploads\/2025\/09\/728f934b-968f-4f24-a403-4cee122bf03e.jpeg\",\"width\":1024,\"height\":1536},{\"@type\":\"BreadcrumbList\",\"@id\":\"https:\/\/pixel-studio.com.pl\/?page_id=15#breadcrumb\",\"itemListElement\":[{\"@type\":\"ListItem\",\"position\":1,\"name\":\"Strona g\u0142\u00f3wna\",\"item\":\"https:\/\/pixel-studio.com.pl\/\"},{\"@type\":\"ListItem\",\"position\":2,\"name\":\"O nas\"}]},{\"@type\":\"WebSite\",\"@id\":\"https:\/\/pixel-studio.com.pl\/#website\",\"url\":\"https:\/\/pixel-studio.com.pl\/\",\"name\":\"Pixel Studio\",\"description\":\"Miejsce stworzone do tworzenia\",\"publisher\":{\"@id\":\"https:\/\/pixel-studio.com.pl\/#organization\"},\"potentialAction\":[{\"@type\":\"SearchAction\",\"target\":{\"@type\":\"EntryPoint\",\"urlTemplate\":\"https:\/\/pixel-studio.com.pl\/?s={search_term_string}\"},\"query-input\":{\"@type\":\"PropertyValueSpecification\",\"valueRequired\":true,\"valueName\":\"search_term_string\"}}],\"inLanguage\":\"en-US\"},{\"@type\":\"Organization\",\"@id\":\"https:\/\/pixel-studio.com.pl\/#organization\",\"name\":\"Pixel Studio\",\"url\":\"https:\/\/pixel-studio.com.pl\/\",\"logo\":{\"@type\":\"ImageObject\",\"inLanguage\":\"en-US\",\"@id\":\"https:\/\/pixel-studio.com.pl\/#\/schema\/logo\/image\/\",\"url\":\"http:\/\/pixel-studio.com.pl\/wp-content\/uploads\/2025\/09\/logo-Pixel.png\",\"contentUrl\":\"http:\/\/pixel-studio.com.pl\/wp-content\/uploads\/2025\/09\/logo-Pixel.png\",\"width\":1024,\"height\":1024,\"caption\":\"Pixel Studio\"},\"image\":{\"@id\":\"https:\/\/pixel-studio.com.pl\/#\/schema\/logo\/image\/\"},\"sameAs\":[\"https:\/\/www.facebook.com\/profile.php?id=61578134535764&locale=pl_PL\",\"https:\/\/www.instagram.com\/pixelstudio_lodz\/\"]}]}<\/script>\n<!-- \/ Yoast SEO plugin. -->","yoast_head_json":{"title":"O nas - Pixel Studio","robots":{"index":"index","follow":"follow","max-snippet":"max-snippet:-1","max-image-preview":"max-image-preview:large","max-video-preview":"max-video-preview:-1"},"canonical":"https:\/\/pixel-studio.com.pl\/?page_id=15","og_locale":"en_US","og_type":"article","og_title":"O nas - Pixel Studio","og_description":"Pixel Studio \u2013 Twoja przestrze\u0144 do tworzenia Stworzyli\u015bmy miejsce, w kt\u00f3rym naturalne \u015bwiat\u0142o, minimalistyczne wn\u0119trza i profesjonalne wyposa\u017cenie spotykaj\u0105 si\u0119 z klimatem sprzyjaj\u0105cym kreatywno\u015bci. Nasze &hellip;","og_url":"https:\/\/pixel-studio.com.pl\/?page_id=15","og_site_name":"Pixel Studio","article_publisher":"https:\/\/www.facebook.com\/profile.php?id=61578134535764&locale=pl_PL","article_modified_time":"2025-09-12T22:53:42+00:00","og_image":[{"url":"http:\/\/pixel-studio.com.pl\/wp-content\/uploads\/2025\/09\/728f934b-968f-4f24-a403-4cee122bf03e-683x1024.jpeg","type":"","width":"","height":""}],"twitter_card":"summary_large_image","twitter_misc":{"Est. reading time":"1 minute"},"schema":{"@context":"https:\/\/schema.org","@graph":[{"@type":"WebPage","@id":"https:\/\/pixel-studio.com.pl\/?page_id=15","url":"https:\/\/pixel-studio.com.pl\/?page_id=15","name":"O nas - Pixel Studio","isPartOf":{"@id":"https:\/\/pixel-studio.com.pl\/#website"},"primaryImageOfPage":{"@id":"https:\/\/pixel-studio.com.pl\/?page_id=15#primaryimage"},"image":{"@id":"https:\/\/pixel-studio.com.pl\/?page_id=15#primaryimage"},"thumbnailUrl":"http:\/\/pixel-studio.com.pl\/wp-content\/uploads\/2025\/09\/728f934b-968f-4f24-a403-4cee122bf03e-683x1024.jpeg","datePublished":"2025-09-12T21:24:26+00:00","dateModified":"2025-09-12T22:53:42+00:00","breadcrumb":{"@id":"https:\/\/pixel-studio.com.pl\/?page_id=15#breadcrumb"},"inLanguage":"en-US","potentialAction":[{"@type":"ReadAction","target":["https:\/\/pixel-studio.com.pl\/?page_id=15"]}]},{"@type":"ImageObject","inLanguage":"en-US","@id":"https:\/\/pixel-studio.com.pl\/?page_id=15#primaryimage","url":"https:\/\/pixel-studio.com.pl\/wp-content\/uploads\/2025\/09\/728f934b-968f-4f24-a403-4cee122bf03e.jpeg","contentUrl":"https:\/\/pixel-studio.com.pl\/wp-content\/uploads\/2025\/09\/728f934b-968f-4f24-a403-4cee122bf03e.jpeg","width":1024,"height":1536},{"@type":"BreadcrumbList","@id":"https:\/\/pixel-studio.com.pl\/?page_id=15#breadcrumb","itemListElement":[{"@type":"ListItem","position":1,"name":"Strona g\u0142\u00f3wna","item":"https:\/\/pixel-studio.com.pl\/"},{"@type":"ListItem","position":2,"name":"O nas"}]},{"@type":"WebSite","@id":"https:\/\/pixel-studio.com.pl\/#website","url":"https:\/\/pixel-studio.com.pl\/","name":"Pixel Studio","description":"Miejsce stworzone do tworzenia","publisher":{"@id":"https:\/\/pixel-studio.com.pl\/#organization"},"potentialAction":[{"@type":"SearchAction","target":{"@type":"EntryPoint","urlTemplate":"https:\/\/pixel-studio.com.pl\/?s={search_term_string}"},"query-input":{"@type":"PropertyValueSpecification","valueRequired":true,"valueName":"search_term_string"}}],"inLanguage":"en-US"},{"@type":"Organization","@id":"https:\/\/pixel-studio.com.pl\/#organization","name":"Pixel Studio","url":"https:\/\/pixel-studio.com.pl\/","logo":{"@type":"ImageObject","inLanguage":"en-US","@id":"https:\/\/pixel-studio.com.pl\/#\/schema\/logo\/image\/","url":"http:\/\/pixel-studio.com.pl\/wp-content\/uploads\/2025\/09\/logo-Pixel.png","contentUrl":"http:\/\/pixel-studio.com.pl\/wp-content\/uploads\/2025\/09\/logo-Pixel.png","width":1024,"height":1024,"caption":"Pixel Studio"},"image":{"@id":"https:\/\/pixel-studio.com.pl\/#\/schema\/logo\/image\/"},"sameAs":["https:\/\/www.facebook.com\/profile.php?id=61578134535764&locale=pl_PL","https:\/\/www.instagram.com\/pixelstudio_lodz\/"]}]}},"_links":{"self":[{"href":"https:\/\/pixel-studio.com.pl\/index.php?rest_route=\/wp\/v2\/pages\/15","targetHints":{"allow":["GET"]}}],"collection":[{"href":"https:\/\/pixel-studio.com.pl\/index.php?rest_route=\/wp\/v2\/pages"}],"about":[{"href":"https:\/\/pixel-studio.com.pl\/index.php?rest_route=\/wp\/v2\/types\/page"}],"author":[{"embeddable":true,"href":"https:\/\/pixel-studio.com.pl\/index.php?rest_route=\/wp\/v2\/users\/1"}],"replies":[{"embeddable":true,"href":"https:\/\/pixel-studio.com.pl\/index.php?rest_route=%2Fwp%2Fv2%2Fcomments&post=15"}],"version-history":[{"count":2,"href":"https:\/\/pixel-studio.com.pl\/index.php?rest_route=\/wp\/v2\/pages\/15\/revisions"}],"predecessor-version":[{"id":153,"href":"https:\/\/pixel-studio.com.pl\/index.php?rest_route=\/wp\/v2\/pages\/15\/revisions\/153"}],"wp:attachment":[{"href":"https:\/\/pixel-studio.com.pl\/index.php?rest_route=%2Fwp%2Fv2%2Fmedia&parent=15"}],"curies":[{"name":"wp","href":"https:\/\/api.w.org\/{rel}","templated":true}]}}